{"id":1134,"date":"2024-10-03T10:10:05","date_gmt":"2024-10-03T10:10:05","guid":{"rendered":"https:\/\/www.nature-house.it\/nachhaltigkeit\/"},"modified":"2024-11-11T16:13:23","modified_gmt":"2024-11-11T16:13:23","slug":"questo-e-importante-per-noi","status":"publish","type":"page","link":"https:\/\/www.nature-house.it\/it\/questo-e-importante-per-noi\/","title":{"rendered":"SOSTENIBILIT\u00c0 \/ QUESTO \u00c8 IMPORTANTE PER NOI"},"content":{"rendered":"\t\t<div data-elementor-type=\"wp-page\" data-elementor-id=\"1134\" class=\"elementor elementor-1134 elementor-223\" data-elementor-post-type=\"page\">\n\t\t\t\t<section class=\"elementor-element elementor-element-68b56dda e-con-full entrance overlay red e-flex e-con e-parent\" data-id=\"68b56dda\" data-element_type=\"container\" data-settings=\"{&quot;background_background&quot;:&quot;classic&quot;}\">\n\t\t\t\t<\/section>\n\t\t<div class=\"elementor-element elementor-element-f840db5 e-con-full p-b-l animated-slow e-flex e-con e-parent\" data-id=\"f840db5\" data-element_type=\"container\" data-settings=\"{&quot;background_background&quot;:&quot;classic&quot;,&quot;animation&quot;:&quot;none&quot;}\">\n\t\t<div class=\"elementor-element elementor-element-6bb7fbcf e-con-full w-40 inner e-flex e-con e-child\" data-id=\"6bb7fbcf\" data-element_type=\"container\">\n\t\t\t\t<div class=\"elementor-element elementor-element-7ed77523 elementor-widget elementor-widget-heading\" data-id=\"7ed77523\" data-element_type=\"widget\" data-widget_type=\"heading.default\">\n\t\t\t\t<div class=\"elementor-widget-container\">\n\t\t\t<h1 class=\"elementor-heading-title elementor-size-default\">Sostenibilit\u00e0: \u00e8 importante per noi<\/h1>\t\t<\/div>\n\t\t\t\t<\/div>\n\t\t\t\t<div class=\"elementor-element elementor-element-238e53df elementor-widget elementor-widget-text-editor\" data-id=\"238e53df\" data-element_type=\"widget\" data-widget_type=\"text-editor.default\">\n\t\t\t\t<div class=\"elementor-widget-container\">\n\t\t\t\t\t\t\t<p>La natura ci d\u00e0 tutto ci\u00f2 di cui abbiamo bisogno per vivere. Apprezziamo questi doni per il corpo e la mente, li utilizziamo e restituiamo rispettando e proteggendo la natura. Le vacanze sostenibili sono divertenti e ci fanno sentire bene.  <\/p>\n\t\t\t\t\t\t<\/div>\n\t\t\t\t<\/div>\n\t\t\t\t<\/div>\n\t\t\t\t<\/div>\n\t\t<div class=\"elementor-element elementor-element-462b83ec e-con-full e-flex e-con e-parent\" data-id=\"462b83ec\" data-element_type=\"container\" data-settings=\"{&quot;background_background&quot;:&quot;classic&quot;}\">\n\t\t<div class=\"elementor-element elementor-element-53942020 e-con-full e-flex e-con e-child\" data-id=\"53942020\" data-element_type=\"container\" data-settings=\"{&quot;background_background&quot;:&quot;classic&quot;}\">\n\t\t<div class=\"elementor-element elementor-element-6fdeae5c e-con-full relativ numbers-abs animated-slow e-flex e-con e-child\" data-id=\"6fdeae5c\" data-element_type=\"container\" data-settings=\"{&quot;animation&quot;:&quot;none&quot;,&quot;background_background&quot;:&quot;classic&quot;}\">\n\t\t\t\t<div class=\"elementor-element elementor-element-25132be7 elementor-widget elementor-widget-image\" data-id=\"25132be7\" data-element_type=\"widget\" data-widget_type=\"image.default\">\n\t\t\t\t<div class=\"elementor-widget-container\">\n\t\t\t\t\t\t\t\t\t\t\t\t\t<img fetchpriority=\"high\" decoding=\"async\" width=\"800\" height=\"450\" src=\"https:\/\/www.nature-house.it\/wp-content\/uploads\/2024\/10\/kid-learning-garden2x-1024x576.png\" class=\"attachment-large size-large wp-image-956\" alt=\"\" srcset=\"https:\/\/www.nature-house.it\/wp-content\/uploads\/2024\/10\/kid-learning-garden2x-1024x576.png 1024w, https:\/\/www.nature-house.it\/wp-content\/uploads\/2024\/10\/kid-learning-garden2x-300x169.png 300w, https:\/\/www.nature-house.it\/wp-content\/uploads\/2024\/10\/kid-learning-garden2x-768x432.png 768w, https:\/\/www.nature-house.it\/wp-content\/uploads\/2024\/10\/kid-learning-garden2x-1536x864.png 1536w, https:\/\/www.nature-house.it\/wp-content\/uploads\/2024\/10\/kid-learning-garden2x-2048x1152.png 2048w\" sizes=\"(max-width: 800px) 100vw, 800px\" \/>\t\t\t\t\t\t\t\t\t\t\t\t\t<\/div>\n\t\t\t\t<\/div>\n\t\t\t\t<\/div>\n\t\t<div class=\"elementor-element elementor-element-6a174fd e-con-full animated-slow p-b-s e-flex e-con e-child\" data-id=\"6a174fd\" data-element_type=\"container\" data-settings=\"{&quot;background_background&quot;:&quot;classic&quot;,&quot;animation&quot;:&quot;none&quot;}\">\n\t\t<div class=\"elementor-element elementor-element-433ca9ae e-con-full w-40 inner e-flex e-con e-child\" data-id=\"433ca9ae\" data-element_type=\"container\">\n\t\t\t\t<div class=\"elementor-element elementor-element-1f3c531 elementor-widget__width-inherit elementor-widget elementor-widget-heading\" data-id=\"1f3c531\" data-element_type=\"widget\" data-widget_type=\"heading.default\">\n\t\t\t\t<div class=\"elementor-widget-container\">\n\t\t\t<h2 class=\"elementor-heading-title elementor-size-default\">Plastic-free<\/h2>\t\t<\/div>\n\t\t\t\t<\/div>\n\t\t\t\t<div class=\"elementor-element elementor-element-1c4db481 elementor-widget__width-initial elementor-widget elementor-widget-text-editor\" data-id=\"1c4db481\" data-element_type=\"widget\" data-widget_type=\"text-editor.default\">\n\t\t\t\t<div class=\"elementor-widget-container\">\n\t\t\t\t\t\t\t<p>Facciamo del nostro meglio per evitare imballaggi e plastica. I nostri ospiti possono acquistare cibi, piatti e bevande direttamente presso la nostra struttura. L&#8217;acqua in tutte le sue forme pu\u00f2 essere prelevata dal nostro Quooker. Vi preghiamo di non acquistare bottiglie di plastica!   <\/p>\n\t\t\t\t\t\t<\/div>\n\t\t\t\t<\/div>\n\t\t\t\t<div class=\"elementor-element elementor-element-42a03e51 mehr-erfahren-link elementor-widget elementor-widget-heading\" data-id=\"42a03e51\" data-element_type=\"widget\" data-widget_type=\"heading.default\">\n\t\t\t\t<div class=\"elementor-widget-container\">\n\t\t\t<span class=\"elementor-heading-title elementor-size-default\"><a href=\"https:\/\/www.nature-house.it\/it\/der-sommer\/\">Per saperne di pi\u00f9<\/a><\/span>\t\t<\/div>\n\t\t\t\t<\/div>\n\t\t\t\t<\/div>\n\t\t\t\t<\/div>\n\t\t\t\t<\/div>\n\t\t\t\t<\/div>\n\t\t<div class=\"elementor-element elementor-element-8fbf591 e-con-full e-flex e-con e-parent\" data-id=\"8fbf591\" data-element_type=\"container\" data-settings=\"{&quot;background_background&quot;:&quot;classic&quot;}\">\n\t\t<div class=\"elementor-element elementor-element-6d1e4ba e-con-full e-flex e-con e-child\" data-id=\"6d1e4ba\" data-element_type=\"container\" data-settings=\"{&quot;background_background&quot;:&quot;classic&quot;}\">\n\t\t<div class=\"elementor-element elementor-element-59f7edb e-con-full animated-slow p-b-s e-flex e-con e-child\" data-id=\"59f7edb\" data-element_type=\"container\" data-settings=\"{&quot;background_background&quot;:&quot;classic&quot;,&quot;animation&quot;:&quot;none&quot;}\">\n\t\t<div class=\"elementor-element elementor-element-22e2f98 e-con-full w-40 inner e-flex e-con e-child\" data-id=\"22e2f98\" data-element_type=\"container\">\n\t\t\t\t<div class=\"elementor-element elementor-element-f4186f1 elementor-widget__width-inherit elementor-widget elementor-widget-heading\" data-id=\"f4186f1\" data-element_type=\"widget\" data-widget_type=\"heading.default\">\n\t\t\t\t<div class=\"elementor-widget-container\">\n\t\t\t<h2 class=\"elementor-heading-title elementor-size-default\">\u00c8 nella natura<\/h2>\t\t<\/div>\n\t\t\t\t<\/div>\n\t\t\t\t<div class=\"elementor-element elementor-element-b9163ad elementor-widget__width-initial elementor-widget elementor-widget-text-editor\" data-id=\"b9163ad\" data-element_type=\"widget\" data-widget_type=\"text-editor.default\">\n\t\t\t\t<div class=\"elementor-widget-container\">\n\t\t\t\t\t\t\t<p>La Nature House \u00e8 circondata dalla natura. La natura \u00e8 benessere, attivit\u00e0, gioco, relax e molto altro ancora. Il nostro orto \u00e8 il cuore pulsante e vi invita a partecipare.<\/p>\t\t\t\t\t\t<\/div>\n\t\t\t\t<\/div>\n\t\t\t\t<div class=\"elementor-element elementor-element-91e02fb mehr-erfahren-link elementor-hidden-desktop elementor-hidden-tablet elementor-hidden-mobile elementor-widget elementor-widget-heading\" data-id=\"91e02fb\" data-element_type=\"widget\" data-widget_type=\"heading.default\">\n\t\t\t\t<div class=\"elementor-widget-container\">\n\t\t\t<span class=\"elementor-heading-title elementor-size-default\"><a href=\"https:\/\/www.nature-house.it\/it\/der-sommer\/\">Per saperne di pi\u00f9<\/a><\/span>\t\t<\/div>\n\t\t\t\t<\/div>\n\t\t\t\t<\/div>\n\t\t\t\t<\/div>\n\t\t<div class=\"elementor-element elementor-element-3e377d2 e-con-full relativ numbers-abs animated-slow e-flex e-con e-child\" data-id=\"3e377d2\" data-element_type=\"container\" data-settings=\"{&quot;animation&quot;:&quot;none&quot;,&quot;background_background&quot;:&quot;classic&quot;}\">\n\t\t\t\t<div class=\"elementor-element elementor-element-bbad1e8 elementor-widget elementor-widget-image\" data-id=\"bbad1e8\" data-element_type=\"widget\" data-widget_type=\"image.default\">\n\t\t\t\t<div class=\"elementor-widget-container\">\n\t\t\t\t\t\t\t\t\t\t\t\t\t<img decoding=\"async\" width=\"800\" height=\"531\" src=\"https:\/\/www.nature-house.it\/wp-content\/uploads\/2024\/10\/PS1_5391-4-1.png\" class=\"attachment-large size-large wp-image-1044\" alt=\"\" srcset=\"https:\/\/www.nature-house.it\/wp-content\/uploads\/2024\/10\/PS1_5391-4-1.png 808w, https:\/\/www.nature-house.it\/wp-content\/uploads\/2024\/10\/PS1_5391-4-1-300x199.png 300w, https:\/\/www.nature-house.it\/wp-content\/uploads\/2024\/10\/PS1_5391-4-1-768x509.png 768w\" sizes=\"(max-width: 800px) 100vw, 800px\" \/>\t\t\t\t\t\t\t\t\t\t\t\t\t<\/div>\n\t\t\t\t<\/div>\n\t\t\t\t<\/div>\n\t\t\t\t<\/div>\n\t\t\t\t<\/div>\n\t\t\t\t<\/div>\n\t\t","protected":false},"excerpt":{"rendered":"<p>Sostenibilit\u00e0: \u00e8 importante per noi La natura ci d\u00e0 tutto ci\u00f2 di cui abbiamo bisogno per vivere. Apprezziamo questi doni per il corpo e la mente, li utilizziamo e restituiamo rispettando e proteggendo la natura. Le vacanze sostenibili sono divertenti e ci fanno sentire bene. Plastic-free Facciamo del nostro meglio per evitare imballaggi e plastica. [&hellip;]<\/p>\n","protected":false},"author":1,"featured_media":0,"parent":0,"menu_order":0,"comment_status":"closed","ping_status":"closed","template":"","meta":{"_acf_changed":false,"footnotes":""},"class_list":["post-1134","page","type-page","status-publish","hentry"],"acf":[],"yoast_head":"<!-- This site is optimized with the Yoast SEO plugin v22.8 - https:\/\/yoast.com\/wordpress\/plugins\/seo\/ -->\n<title>Nature House \u2013 L&#039;ecosistema<\/title>\n<meta name=\"description\" content=\"Con una vacanza indimenticabile, potete fare del bene. Nella nostra casa avrete l&#039;opportunit\u00e0 perfetta per farlo. Imballaggi di plastica, grandi quantit\u00e0 di rifiuti e fonti di energia fossili appartengono al passato. Stiamo creando un mondo migliore.\" \/>\n<meta name=\"robots\" content=\"index, follow, max-snippet:-1, max-image-preview:large, max-video-preview:-1\" \/>\n<link rel=\"canonical\" href=\"https:\/\/www.nature-house.it\/it\/questo-e-importante-per-noi\/\" \/>\n<meta property=\"og:locale\" content=\"it_IT\" \/>\n<meta property=\"og:type\" content=\"article\" \/>\n<meta property=\"og:title\" content=\"Nature House \u2013 L&#039;ecosistema\" \/>\n<meta property=\"og:description\" content=\"Con una vacanza indimenticabile, potete fare del bene. Nella nostra casa avrete l&#039;opportunit\u00e0 perfetta per farlo. Imballaggi di plastica, grandi quantit\u00e0 di rifiuti e fonti di energia fossili appartengono al passato. Stiamo creando un mondo migliore.\" \/>\n<meta property=\"og:url\" content=\"https:\/\/www.nature-house.it\/it\/questo-e-importante-per-noi\/\" \/>\n<meta property=\"og:site_name\" content=\"Nature House\" \/>\n<meta property=\"article:modified_time\" content=\"2024-11-11T16:13:23+00:00\" \/>\n<meta property=\"og:image\" content=\"https:\/\/www.nature-house.it\/wp-content\/uploads\/2024\/10\/kid-learning-garden2x-1024x576.png\" \/>\n<meta name=\"twitter:card\" content=\"summary_large_image\" \/>\n<meta name=\"twitter:label1\" content=\"Tempo di lettura stimato\" \/>\n\t<meta name=\"twitter:data1\" content=\"2 minuti\" \/>\n<script type=\"application\/ld+json\" class=\"yoast-schema-graph\">{\"@context\":\"https:\/\/schema.org\",\"@graph\":[{\"@type\":\"WebPage\",\"@id\":\"https:\/\/www.nature-house.it\/it\/questo-e-importante-per-noi\/\",\"url\":\"https:\/\/www.nature-house.it\/it\/questo-e-importante-per-noi\/\",\"name\":\"Nature House \u2013 L'ecosistema\",\"isPartOf\":{\"@id\":\"https:\/\/www.nature-house.it\/it\/#website\"},\"primaryImageOfPage\":{\"@id\":\"https:\/\/www.nature-house.it\/it\/questo-e-importante-per-noi\/#primaryimage\"},\"image\":{\"@id\":\"https:\/\/www.nature-house.it\/it\/questo-e-importante-per-noi\/#primaryimage\"},\"thumbnailUrl\":\"https:\/\/www.nature-house.it\/wp-content\/uploads\/2024\/10\/kid-learning-garden2x-1024x576.png\",\"datePublished\":\"2024-10-03T10:10:05+00:00\",\"dateModified\":\"2024-11-11T16:13:23+00:00\",\"description\":\"Con una vacanza indimenticabile, potete fare del bene. Nella nostra casa avrete l'opportunit\u00e0 perfetta per farlo. Imballaggi di plastica, grandi quantit\u00e0 di rifiuti e fonti di energia fossili appartengono al passato. Stiamo creando un mondo migliore.\",\"breadcrumb\":{\"@id\":\"https:\/\/www.nature-house.it\/it\/questo-e-importante-per-noi\/#breadcrumb\"},\"inLanguage\":\"it-IT\",\"potentialAction\":[{\"@type\":\"ReadAction\",\"target\":[\"https:\/\/www.nature-house.it\/it\/questo-e-importante-per-noi\/\"]}]},{\"@type\":\"ImageObject\",\"inLanguage\":\"it-IT\",\"@id\":\"https:\/\/www.nature-house.it\/it\/questo-e-importante-per-noi\/#primaryimage\",\"url\":\"https:\/\/www.nature-house.it\/wp-content\/uploads\/2024\/10\/kid-learning-garden2x-1024x576.png\",\"contentUrl\":\"https:\/\/www.nature-house.it\/wp-content\/uploads\/2024\/10\/kid-learning-garden2x-1024x576.png\"},{\"@type\":\"BreadcrumbList\",\"@id\":\"https:\/\/www.nature-house.it\/it\/questo-e-importante-per-noi\/#breadcrumb\",\"itemListElement\":[{\"@type\":\"ListItem\",\"position\":1,\"name\":\"Startseite\",\"item\":\"https:\/\/www.nature-house.it\/it\/\"},{\"@type\":\"ListItem\",\"position\":2,\"name\":\"SOSTENIBILIT\u00c0 \/ QUESTO \u00c8 IMPORTANTE PER NOI\"}]},{\"@type\":\"WebSite\",\"@id\":\"https:\/\/www.nature-house.it\/it\/#website\",\"url\":\"https:\/\/www.nature-house.it\/it\/\",\"name\":\"Nature House\",\"description\":\"\",\"publisher\":{\"@id\":\"https:\/\/www.nature-house.it\/it\/#organization\"},\"potentialAction\":[{\"@type\":\"SearchAction\",\"target\":{\"@type\":\"EntryPoint\",\"urlTemplate\":\"https:\/\/www.nature-house.it\/it\/?s={search_term_string}\"},\"query-input\":\"required name=search_term_string\"}],\"inLanguage\":\"it-IT\"},{\"@type\":\"Organization\",\"@id\":\"https:\/\/www.nature-house.it\/it\/#organization\",\"name\":\"Nature House\",\"url\":\"https:\/\/www.nature-house.it\/it\/\",\"logo\":{\"@type\":\"ImageObject\",\"inLanguage\":\"it-IT\",\"@id\":\"https:\/\/www.nature-house.it\/it\/#\/schema\/logo\/image\/\",\"url\":\"https:\/\/www.nature-house.it\/wp-content\/uploads\/2024\/09\/Gruppe-11-1.svg\",\"contentUrl\":\"https:\/\/www.nature-house.it\/wp-content\/uploads\/2024\/09\/Gruppe-11-1.svg\",\"width\":310,\"height\":194,\"caption\":\"Nature House\"},\"image\":{\"@id\":\"https:\/\/www.nature-house.it\/it\/#\/schema\/logo\/image\/\"}}]}<\/script>\n<!-- \/ Yoast SEO plugin. -->","yoast_head_json":{"title":"Nature House \u2013 L'ecosistema","description":"Con una vacanza indimenticabile, potete fare del bene. Nella nostra casa avrete l'opportunit\u00e0 perfetta per farlo. Imballaggi di plastica, grandi quantit\u00e0 di rifiuti e fonti di energia fossili appartengono al passato. Stiamo creando un mondo migliore.","robots":{"index":"index","follow":"follow","max-snippet":"max-snippet:-1","max-image-preview":"max-image-preview:large","max-video-preview":"max-video-preview:-1"},"canonical":"https:\/\/www.nature-house.it\/it\/questo-e-importante-per-noi\/","og_locale":"it_IT","og_type":"article","og_title":"Nature House \u2013 L'ecosistema","og_description":"Con una vacanza indimenticabile, potete fare del bene. Nella nostra casa avrete l'opportunit\u00e0 perfetta per farlo. Imballaggi di plastica, grandi quantit\u00e0 di rifiuti e fonti di energia fossili appartengono al passato. Stiamo creando un mondo migliore.","og_url":"https:\/\/www.nature-house.it\/it\/questo-e-importante-per-noi\/","og_site_name":"Nature House","article_modified_time":"2024-11-11T16:13:23+00:00","og_image":[{"url":"https:\/\/www.nature-house.it\/wp-content\/uploads\/2024\/10\/kid-learning-garden2x-1024x576.png"}],"twitter_card":"summary_large_image","twitter_misc":{"Tempo di lettura stimato":"2 minuti"},"schema":{"@context":"https:\/\/schema.org","@graph":[{"@type":"WebPage","@id":"https:\/\/www.nature-house.it\/it\/questo-e-importante-per-noi\/","url":"https:\/\/www.nature-house.it\/it\/questo-e-importante-per-noi\/","name":"Nature House \u2013 L'ecosistema","isPartOf":{"@id":"https:\/\/www.nature-house.it\/it\/#website"},"primaryImageOfPage":{"@id":"https:\/\/www.nature-house.it\/it\/questo-e-importante-per-noi\/#primaryimage"},"image":{"@id":"https:\/\/www.nature-house.it\/it\/questo-e-importante-per-noi\/#primaryimage"},"thumbnailUrl":"https:\/\/www.nature-house.it\/wp-content\/uploads\/2024\/10\/kid-learning-garden2x-1024x576.png","datePublished":"2024-10-03T10:10:05+00:00","dateModified":"2024-11-11T16:13:23+00:00","description":"Con una vacanza indimenticabile, potete fare del bene. Nella nostra casa avrete l'opportunit\u00e0 perfetta per farlo. Imballaggi di plastica, grandi quantit\u00e0 di rifiuti e fonti di energia fossili appartengono al passato. Stiamo creando un mondo migliore.","breadcrumb":{"@id":"https:\/\/www.nature-house.it\/it\/questo-e-importante-per-noi\/#breadcrumb"},"inLanguage":"it-IT","potentialAction":[{"@type":"ReadAction","target":["https:\/\/www.nature-house.it\/it\/questo-e-importante-per-noi\/"]}]},{"@type":"ImageObject","inLanguage":"it-IT","@id":"https:\/\/www.nature-house.it\/it\/questo-e-importante-per-noi\/#primaryimage","url":"https:\/\/www.nature-house.it\/wp-content\/uploads\/2024\/10\/kid-learning-garden2x-1024x576.png","contentUrl":"https:\/\/www.nature-house.it\/wp-content\/uploads\/2024\/10\/kid-learning-garden2x-1024x576.png"},{"@type":"BreadcrumbList","@id":"https:\/\/www.nature-house.it\/it\/questo-e-importante-per-noi\/#breadcrumb","itemListElement":[{"@type":"ListItem","position":1,"name":"Startseite","item":"https:\/\/www.nature-house.it\/it\/"},{"@type":"ListItem","position":2,"name":"SOSTENIBILIT\u00c0 \/ QUESTO \u00c8 IMPORTANTE PER NOI"}]},{"@type":"WebSite","@id":"https:\/\/www.nature-house.it\/it\/#website","url":"https:\/\/www.nature-house.it\/it\/","name":"Nature House","description":"","publisher":{"@id":"https:\/\/www.nature-house.it\/it\/#organization"},"potentialAction":[{"@type":"SearchAction","target":{"@type":"EntryPoint","urlTemplate":"https:\/\/www.nature-house.it\/it\/?s={search_term_string}"},"query-input":"required name=search_term_string"}],"inLanguage":"it-IT"},{"@type":"Organization","@id":"https:\/\/www.nature-house.it\/it\/#organization","name":"Nature House","url":"https:\/\/www.nature-house.it\/it\/","logo":{"@type":"ImageObject","inLanguage":"it-IT","@id":"https:\/\/www.nature-house.it\/it\/#\/schema\/logo\/image\/","url":"https:\/\/www.nature-house.it\/wp-content\/uploads\/2024\/09\/Gruppe-11-1.svg","contentUrl":"https:\/\/www.nature-house.it\/wp-content\/uploads\/2024\/09\/Gruppe-11-1.svg","width":310,"height":194,"caption":"Nature House"},"image":{"@id":"https:\/\/www.nature-house.it\/it\/#\/schema\/logo\/image\/"}}]}},"_links":{"self":[{"href":"https:\/\/www.nature-house.it\/it\/wp-json\/wp\/v2\/pages\/1134","targetHints":{"allow":["GET"]}}],"collection":[{"href":"https:\/\/www.nature-house.it\/it\/wp-json\/wp\/v2\/pages"}],"about":[{"href":"https:\/\/www.nature-house.it\/it\/wp-json\/wp\/v2\/types\/page"}],"author":[{"embeddable":true,"href":"https:\/\/www.nature-house.it\/it\/wp-json\/wp\/v2\/users\/1"}],"replies":[{"embeddable":true,"href":"https:\/\/www.nature-house.it\/it\/wp-json\/wp\/v2\/comments?post=1134"}],"version-history":[{"count":6,"href":"https:\/\/www.nature-house.it\/it\/wp-json\/wp\/v2\/pages\/1134\/revisions"}],"predecessor-version":[{"id":1187,"href":"https:\/\/www.nature-house.it\/it\/wp-json\/wp\/v2\/pages\/1134\/revisions\/1187"}],"wp:attachment":[{"href":"https:\/\/www.nature-house.it\/it\/wp-json\/wp\/v2\/media?parent=1134"}],"curies":[{"name":"wp","href":"https:\/\/api.w.org\/{rel}","templated":true}]}}