{"id":1126,"date":"2024-10-07T14:37:40","date_gmt":"2024-10-07T14:37:40","guid":{"rendered":"https:\/\/www.nature-house.it\/fruehstueck-gerichte-bestellen-gemeinsam-kochen\/"},"modified":"2024-11-13T14:50:04","modified_gmt":"2024-11-13T14:50:04","slug":"mangiare-bere-godere","status":"publish","type":"page","link":"https:\/\/www.nature-house.it\/it\/mangiare-bere-godere\/","title":{"rendered":"COLAZIONE, ORDINARE PIATTI &amp; CUCINARE INSIEME"},"content":{"rendered":"\t\t<div data-elementor-type=\"wp-page\" data-elementor-id=\"1126\" class=\"elementor elementor-1126 elementor-277\" data-elementor-post-type=\"page\">\n\t\t\t\t<section class=\"elementor-element elementor-element-68b56dda e-con-full entrance overlay red e-flex e-con e-parent\" data-id=\"68b56dda\" data-element_type=\"container\" data-settings=\"{&quot;background_background&quot;:&quot;classic&quot;}\">\n\t\t\t\t<\/section>\n\t\t<div class=\"elementor-element elementor-element-f840db5 e-con-full full-overlay animated-slow e-flex e-con e-parent\" data-id=\"f840db5\" data-element_type=\"container\" data-settings=\"{&quot;background_background&quot;:&quot;classic&quot;,&quot;animation&quot;:&quot;none&quot;}\">\n\t\t<div class=\"elementor-element elementor-element-6bb7fbcf e-con-full w-40 inner e-flex e-con e-child\" data-id=\"6bb7fbcf\" data-element_type=\"container\">\n\t\t\t\t<div class=\"elementor-element elementor-element-7ed77523 elementor-widget elementor-widget-heading\" data-id=\"7ed77523\" data-element_type=\"widget\" data-widget_type=\"heading.default\">\n\t\t\t\t<div class=\"elementor-widget-container\">\n\t\t\t<h1 class=\"elementor-heading-title elementor-size-default\">Mangiare e bere<\/h1>\t\t<\/div>\n\t\t\t\t<\/div>\n\t\t\t\t<div class=\"elementor-element elementor-element-238e53df elementor-widget elementor-widget-text-editor\" data-id=\"238e53df\" data-element_type=\"widget\" data-widget_type=\"text-editor.default\">\n\t\t\t\t<div class=\"elementor-widget-container\">\n\t\t\t\t\t\t\t<p>Alla Nature House, tutto ruota attorno al vostro benessere. In modo autentico e sostenibile, facciamo di tutto per offrirvi un soggiorno eccezionale e rilassante.<\/p>\t\t\t\t\t\t<\/div>\n\t\t\t\t<\/div>\n\t\t\t\t<\/div>\n\t\t\t\t<\/div>\n\t\t<div class=\"elementor-element elementor-element-56262c55 e-con-full e-flex e-con e-parent\" data-id=\"56262c55\" data-element_type=\"container\" data-settings=\"{&quot;background_background&quot;:&quot;classic&quot;}\">\n\t\t<div class=\"elementor-element elementor-element-414e6e65 e-con-full e-flex e-con e-child\" data-id=\"414e6e65\" data-element_type=\"container\" data-settings=\"{&quot;background_background&quot;:&quot;classic&quot;}\">\n\t\t<div class=\"elementor-element elementor-element-2f778154 e-con-full relativ numbers-abs animated-slow e-flex e-con e-child\" data-id=\"2f778154\" data-element_type=\"container\" data-settings=\"{&quot;animation&quot;:&quot;none&quot;,&quot;background_background&quot;:&quot;classic&quot;}\">\n\t\t\t\t<\/div>\n\t\t<div class=\"elementor-element elementor-element-74f48ce6 e-con-full animated-slow p-b-m e-flex e-con e-child\" data-id=\"74f48ce6\" data-element_type=\"container\" data-settings=\"{&quot;background_background&quot;:&quot;classic&quot;,&quot;animation&quot;:&quot;none&quot;}\">\n\t\t<div class=\"elementor-element elementor-element-fa9544a e-con-full w-40 inner e-flex e-con e-child\" data-id=\"fa9544a\" data-element_type=\"container\">\n\t\t\t\t<div class=\"elementor-element elementor-element-4ebfc989 elementor-widget__width-inherit elementor-widget elementor-widget-heading\" data-id=\"4ebfc989\" data-element_type=\"widget\" data-widget_type=\"heading.default\">\n\t\t\t\t<div class=\"elementor-widget-container\">\n\t\t\t<h2 class=\"elementor-heading-title elementor-size-default\">Colazione<\/h2>\t\t<\/div>\n\t\t\t\t<\/div>\n\t\t\t\t<div class=\"elementor-element elementor-element-1bc4e915 elementor-widget__width-initial elementor-widget elementor-widget-text-editor\" data-id=\"1bc4e915\" data-element_type=\"widget\" data-widget_type=\"text-editor.default\">\n\t\t\t\t<div class=\"elementor-widget-container\">\n\t\t\t\t\t\t\t<p>Ogni giorno vi offriamo una ricca colazione con prodotti locali, vegetariani e vegani. Cerchiamo di elaborare il maggior numero possibile di prodotti da noi stessi.<\/p>\t\t\t\t\t\t<\/div>\n\t\t\t\t<\/div>\n\t\t\t\t<\/div>\n\t\t\t\t<\/div>\n\t\t\t\t<\/div>\n\t\t\t\t<\/div>\n\t\t<div class=\"elementor-element elementor-element-d76d201 e-con-full full-overlay animated-slow e-flex e-con e-parent\" data-id=\"d76d201\" data-element_type=\"container\" data-settings=\"{&quot;background_background&quot;:&quot;classic&quot;,&quot;animation&quot;:&quot;none&quot;}\">\n\t\t<div class=\"elementor-element elementor-element-05ad91f e-con-full w-40 inner p-t-l p-bt-s e-flex e-con e-child\" data-id=\"05ad91f\" data-element_type=\"container\">\n\t\t\t\t<div class=\"elementor-element elementor-element-9a65ba9 elementor-widget elementor-widget-heading\" data-id=\"9a65ba9\" data-element_type=\"widget\" data-widget_type=\"heading.default\">\n\t\t\t\t<div class=\"elementor-widget-container\">\n\t\t\t<h1 class=\"elementor-heading-title elementor-size-default\">Alimenti e piatti<\/h1>\t\t<\/div>\n\t\t\t\t<\/div>\n\t\t<div class=\"elementor-element elementor-element-c9054c8 e-con-full inner e-flex e-con e-child\" data-id=\"c9054c8\" data-element_type=\"container\">\n\t\t\t\t<div class=\"elementor-element elementor-element-1eed870 elementor-widget elementor-widget-text-editor\" data-id=\"1eed870\" data-element_type=\"widget\" data-widget_type=\"text-editor.default\">\n\t\t\t\t<div class=\"elementor-widget-container\">\n\t\t\t\t\t\t\t<p>Non dovete preoccuparvi di fare la spesa per il vostro soggiorno. Verdure e frutta dal nostro giardino, piatti gi\u00e0 pronti o preparati da noi, cos\u00ec come prodotti locali, possono essere ordinati direttamente da noi.<\/p>\t\t\t\t\t\t<\/div>\n\t\t\t\t<\/div>\n\t\t\t\t<div class=\"elementor-element elementor-element-e31d832 mehr-erfahren-link elementor-hidden-desktop elementor-hidden-tablet elementor-hidden-mobile elementor-widget elementor-widget-heading\" data-id=\"e31d832\" data-element_type=\"widget\" data-widget_type=\"heading.default\">\n\t\t\t\t<div class=\"elementor-widget-container\">\n\t\t\t<span class=\"elementor-heading-title elementor-size-default\">Mehr erfahren<\/span>\t\t<\/div>\n\t\t\t\t<\/div>\n\t\t\t\t<\/div>\n\t\t\t\t<\/div>\n\t\t\t\t<\/div>\n\t\t<div class=\"elementor-element elementor-element-1d97472 e-con-full e-flex e-con e-parent\" data-id=\"1d97472\" data-element_type=\"container\" data-settings=\"{&quot;background_background&quot;:&quot;classic&quot;}\">\n\t\t<div class=\"elementor-element elementor-element-8ffe921 e-con-full e-flex e-con e-child\" data-id=\"8ffe921\" data-element_type=\"container\" data-settings=\"{&quot;background_background&quot;:&quot;classic&quot;}\">\n\t\t<div class=\"elementor-element elementor-element-aeddb27 e-con-full relativ numbers-abs animated-slow e-flex e-con e-child\" data-id=\"aeddb27\" data-element_type=\"container\" data-settings=\"{&quot;animation&quot;:&quot;none&quot;}\">\n\t\t\t\t<div class=\"elementor-element elementor-element-fc16f5b elementor-widget elementor-widget-image\" data-id=\"fc16f5b\" data-element_type=\"widget\" data-widget_type=\"image.default\">\n\t\t\t\t<div class=\"elementor-widget-container\">\n\t\t\t\t\t\t\t\t\t\t\t\t\t<img fetchpriority=\"high\" decoding=\"async\" width=\"800\" height=\"554\" src=\"https:\/\/www.nature-house.it\/wp-content\/uploads\/2024\/11\/mgm00915dape-1024x709.jpg\" class=\"attachment-large size-large wp-image-1092\" alt=\"\" srcset=\"https:\/\/www.nature-house.it\/wp-content\/uploads\/2024\/11\/mgm00915dape-1024x709.jpg 1024w, https:\/\/www.nature-house.it\/wp-content\/uploads\/2024\/11\/mgm00915dape-300x208.jpg 300w, https:\/\/www.nature-house.it\/wp-content\/uploads\/2024\/11\/mgm00915dape-768x532.jpg 768w, https:\/\/www.nature-house.it\/wp-content\/uploads\/2024\/11\/mgm00915dape.jpg 1199w\" sizes=\"(max-width: 800px) 100vw, 800px\" \/>\t\t\t\t\t\t\t\t\t\t\t\t\t<\/div>\n\t\t\t\t<\/div>\n\t\t\t\t<\/div>\n\t\t<div class=\"elementor-element elementor-element-eee97d7 e-con-full animated-slow p-b-s e-flex e-con e-child\" data-id=\"eee97d7\" data-element_type=\"container\" data-settings=\"{&quot;background_background&quot;:&quot;classic&quot;,&quot;animation&quot;:&quot;none&quot;}\">\n\t\t<div class=\"elementor-element elementor-element-8d0d193 e-con-full w-40 inner e-flex e-con e-child\" data-id=\"8d0d193\" data-element_type=\"container\">\n\t\t\t\t<div class=\"elementor-element elementor-element-d750a35 elementor-widget__width-inherit elementor-widget elementor-widget-heading\" data-id=\"d750a35\" data-element_type=\"widget\" data-widget_type=\"heading.default\">\n\t\t\t\t<div class=\"elementor-widget-container\">\n\t\t\t<h2 class=\"elementor-heading-title elementor-size-default\">Mangiare insieme<\/h2>\t\t<\/div>\n\t\t\t\t<\/div>\n\t\t\t\t<div class=\"elementor-element elementor-element-9a53c49 elementor-widget__width-initial elementor-widget elementor-widget-text-editor\" data-id=\"9a53c49\" data-element_type=\"widget\" data-widget_type=\"text-editor.default\">\n\t\t\t\t<div class=\"elementor-widget-container\">\n\t\t\t\t\t\t\t<p>Ci piace cucinare con i nostri ospiti. Occasionalmente offriamo cene, cene condivise o corsi di cucina.<\/p>\t\t\t\t\t\t<\/div>\n\t\t\t\t<\/div>\n\t\t\t\t<div class=\"elementor-element elementor-element-c0c63d1 mehr-erfahren-link elementor-hidden-desktop elementor-hidden-tablet elementor-hidden-mobile elementor-widget elementor-widget-heading\" data-id=\"c0c63d1\" data-element_type=\"widget\" data-widget_type=\"heading.default\">\n\t\t\t\t<div class=\"elementor-widget-container\">\n\t\t\t<span class=\"elementor-heading-title elementor-size-default\">Mehr erfahren<\/span>\t\t<\/div>\n\t\t\t\t<\/div>\n\t\t\t\t<\/div>\n\t\t\t\t<\/div>\n\t\t\t\t<\/div>\n\t\t\t\t<\/div>\n\t\t<div class=\"elementor-element elementor-element-d50e5e3 e-con-full e-flex e-con e-parent\" data-id=\"d50e5e3\" data-element_type=\"container\" data-settings=\"{&quot;background_background&quot;:&quot;classic&quot;}\">\n\t\t<div class=\"elementor-element elementor-element-d8829e3 e-con-full e-flex e-con e-child\" data-id=\"d8829e3\" data-element_type=\"container\" data-settings=\"{&quot;background_background&quot;:&quot;classic&quot;}\">\n\t\t<div class=\"elementor-element elementor-element-acf5294 e-con-full relativ numbers-abs animated-slow e-flex e-con e-child\" data-id=\"acf5294\" data-element_type=\"container\" data-settings=\"{&quot;animation&quot;:&quot;none&quot;,&quot;background_background&quot;:&quot;classic&quot;}\">\n\t\t\t\t<\/div>\n\t\t<div class=\"elementor-element elementor-element-99549b2 e-con-full animated-slow p-b-s e-flex e-con e-child\" data-id=\"99549b2\" data-element_type=\"container\" data-settings=\"{&quot;background_background&quot;:&quot;classic&quot;,&quot;animation&quot;:&quot;none&quot;}\">\n\t\t<div class=\"elementor-element elementor-element-29962c2 e-con-full w-40 inner e-flex e-con e-child\" data-id=\"29962c2\" data-element_type=\"container\">\n\t\t\t\t<div class=\"elementor-element elementor-element-22046d2 elementor-widget__width-inherit elementor-widget elementor-widget-heading\" data-id=\"22046d2\" data-element_type=\"widget\" data-widget_type=\"heading.default\">\n\t\t\t\t<div class=\"elementor-widget-container\">\n\t\t\t<h2 class=\"elementor-heading-title elementor-size-default\">Quooker e cucina del t\u00e8<\/h2>\t\t<\/div>\n\t\t\t\t<\/div>\n\t\t\t\t<div class=\"elementor-element elementor-element-3b499a6 elementor-widget__width-initial elementor-widget elementor-widget-text-editor\" data-id=\"3b499a6\" data-element_type=\"widget\" data-widget_type=\"text-editor.default\">\n\t\t\t\t<div class=\"elementor-widget-container\">\n\t\t\t\t\t\t\t<p>La Val Di Fleres ha un&#8217;acqua potabile di altissima qualit\u00e0 e dal sapore eccezionale. Al nostro Quooker, potete avere acqua naturale, frizzante o per il t\u00e8 direttamente dal rubinetto. Abbiamo anche allestito una cucina del t\u00e8 accogliente.<\/p><p><br \/>Vi preghiamo di non acquistare bevande in bottiglie di plastica. Questo servizio \u00e8 incluso nel prezzo.<\/p>\t\t\t\t\t\t<\/div>\n\t\t\t\t<\/div>\n\t\t\t\t<div class=\"elementor-element elementor-element-bf946f4 mehr-erfahren-link elementor-hidden-desktop elementor-hidden-tablet elementor-hidden-mobile elementor-widget elementor-widget-heading\" data-id=\"bf946f4\" data-element_type=\"widget\" data-widget_type=\"heading.default\">\n\t\t\t\t<div class=\"elementor-widget-container\">\n\t\t\t<span class=\"elementor-heading-title elementor-size-default\">Mehr erfahren<\/span>\t\t<\/div>\n\t\t\t\t<\/div>\n\t\t\t\t<\/div>\n\t\t\t\t<\/div>\n\t\t\t\t<\/div>\n\t\t\t\t<\/div>\n\t\t<div class=\"elementor-element elementor-element-87891b1 e-con-full full-overlay animated-slow e-flex e-con e-parent\" data-id=\"87891b1\" data-element_type=\"container\" data-settings=\"{&quot;background_background&quot;:&quot;classic&quot;,&quot;animation&quot;:&quot;none&quot;}\">\n\t\t<div class=\"elementor-element elementor-element-d57ccb4 e-con-full w-40 inner p-t-l p-bt-s e-flex e-con e-child\" data-id=\"d57ccb4\" data-element_type=\"container\">\n\t\t\t\t<div class=\"elementor-element elementor-element-304a9ac elementor-widget elementor-widget-heading\" data-id=\"304a9ac\" data-element_type=\"widget\" data-widget_type=\"heading.default\">\n\t\t\t\t<div class=\"elementor-widget-container\">\n\t\t\t<h1 class=\"elementor-heading-title elementor-size-default\">Trustbar<\/h1>\t\t<\/div>\n\t\t\t\t<\/div>\n\t\t<div class=\"elementor-element elementor-element-78541b3 e-con-full inner e-flex e-con e-child\" data-id=\"78541b3\" data-element_type=\"container\">\n\t\t\t\t<div class=\"elementor-element elementor-element-2eff46c elementor-widget elementor-widget-text-editor\" data-id=\"2eff46c\" data-element_type=\"widget\" data-widget_type=\"text-editor.default\">\n\t\t\t\t<div class=\"elementor-widget-container\">\n\t\t\t\t\t\t\t<p>Nella nostra Trustbar, situata nella sala comune, potete servirvi da soli bevande fresche, prodotti fatti in casa, erbe aromatiche e spezie.<\/p>\t\t\t\t\t\t<\/div>\n\t\t\t\t<\/div>\n\t\t\t\t<\/div>\n\t\t\t\t<\/div>\n\t\t\t\t<\/div>\n\t\t<div class=\"elementor-element elementor-element-32813a5 e-con-full full-overlay animated-slow elementor-hidden-desktop elementor-hidden-tablet elementor-hidden-mobile e-flex e-con e-parent\" data-id=\"32813a5\" data-element_type=\"container\" data-settings=\"{&quot;background_background&quot;:&quot;classic&quot;,&quot;animation&quot;:&quot;none&quot;}\">\n\t\t<div class=\"elementor-element elementor-element-b7e2fc5 e-con-full w-40 inner p-t-l p-bt-s e-flex e-con e-child\" data-id=\"b7e2fc5\" data-element_type=\"container\">\n\t\t\t\t<div class=\"elementor-element elementor-element-9b0ee83 elementor-widget elementor-widget-heading\" data-id=\"9b0ee83\" data-element_type=\"widget\" data-widget_type=\"heading.default\">\n\t\t\t\t<div class=\"elementor-widget-container\">\n\t\t\t<h1 class=\"elementor-heading-title elementor-size-default\">Quooker und Teek\u00fcche<\/h1>\t\t<\/div>\n\t\t\t\t<\/div>\n\t\t<div class=\"elementor-element elementor-element-d68573f e-con-full inner e-flex e-con e-child\" data-id=\"d68573f\" data-element_type=\"container\">\n\t\t\t\t<div class=\"elementor-element elementor-element-56c4003 elementor-widget elementor-widget-text-editor\" data-id=\"56c4003\" data-element_type=\"widget\" data-widget_type=\"text-editor.default\">\n\t\t\t\t<div class=\"elementor-widget-container\">\n\t\t\t\t\t\t\t<p>Das Pflerschtal hat ein hochqualitatives und schmackhaftes Trinkwasser. An unserem Quooker bekommen Sie es als stilles Wasser, als Mineralwasser oder als Teewasser direkt aus dem Wasserhahn. Wir haben auch eine gem\u00fctliche Teek\u00fcche eingerichtet.<\/p><p>Bitte kaufen Sie keine Getr\u00e4nke in Plastikflaschen. Dieser Service ist im Preis inkludiert.<\/p>\t\t\t\t\t\t<\/div>\n\t\t\t\t<\/div>\n\t\t\t\t<div class=\"elementor-element elementor-element-f7c682e mehr-erfahren-link elementor-hidden-desktop elementor-hidden-tablet elementor-hidden-mobile elementor-widget elementor-widget-heading\" data-id=\"f7c682e\" data-element_type=\"widget\" data-widget_type=\"heading.default\">\n\t\t\t\t<div class=\"elementor-widget-container\">\n\t\t\t<span class=\"elementor-heading-title elementor-size-default\">Mehr erfahren<\/span>\t\t<\/div>\n\t\t\t\t<\/div>\n\t\t\t\t<\/div>\n\t\t\t\t<\/div>\n\t\t\t\t<\/div>\n\t\t\t\t<\/div>\n\t\t","protected":false},"excerpt":{"rendered":"<p>Mangiare e bere Alla Nature House, tutto ruota attorno al vostro benessere. In modo autentico e sostenibile, facciamo di tutto per offrirvi un soggiorno eccezionale e rilassante. Colazione Ogni giorno vi offriamo una ricca colazione con prodotti locali, vegetariani e vegani. Cerchiamo di elaborare il maggior numero possibile di prodotti da noi stessi. Alimenti e [&hellip;]<\/p>\n","protected":false},"author":1,"featured_media":0,"parent":0,"menu_order":0,"comment_status":"closed","ping_status":"closed","template":"","meta":{"_acf_changed":false,"footnotes":""},"class_list":["post-1126","page","type-page","status-publish","hentry"],"acf":[],"yoast_head":"<!-- This site is optimized with the Yoast SEO plugin v22.8 - https:\/\/yoast.com\/wordpress\/plugins\/seo\/ -->\n<title>Mangiare \u2013 Bere \u2013 Godere<\/title>\n<meta name=\"description\" content=\"Non avete bisogno di portare con voi prodotti confezionati o bevande in bottiglia per la vostra vacanza. Da noi trovate tutto locale, il pi\u00f9 possibile senza imballaggi, spesso gi\u00e0 pronto e soprattutto a prezzi equi. Vi ringraziamo per la vostra fiducia nel nostro servizio.\" \/>\n<meta name=\"robots\" content=\"index, follow, max-snippet:-1, max-image-preview:large, max-video-preview:-1\" \/>\n<link rel=\"canonical\" href=\"https:\/\/www.nature-house.it\/it\/mangiare-bere-godere\/\" \/>\n<meta property=\"og:locale\" content=\"it_IT\" \/>\n<meta property=\"og:type\" content=\"article\" \/>\n<meta property=\"og:title\" content=\"Mangiare \u2013 Bere \u2013 Godere\" \/>\n<meta property=\"og:description\" content=\"Non avete bisogno di portare con voi prodotti confezionati o bevande in bottiglia per la vostra vacanza. Da noi trovate tutto locale, il pi\u00f9 possibile senza imballaggi, spesso gi\u00e0 pronto e soprattutto a prezzi equi. Vi ringraziamo per la vostra fiducia nel nostro servizio.\" \/>\n<meta property=\"og:url\" content=\"https:\/\/www.nature-house.it\/it\/mangiare-bere-godere\/\" \/>\n<meta property=\"og:site_name\" content=\"Nature House\" \/>\n<meta property=\"article:modified_time\" content=\"2024-11-13T14:50:04+00:00\" \/>\n<meta property=\"og:image\" content=\"https:\/\/www.nature-house.it\/wp-content\/uploads\/2024\/11\/mgm00915dape-1024x709.jpg\" \/>\n<meta name=\"twitter:card\" content=\"summary_large_image\" \/>\n<meta name=\"twitter:label1\" content=\"Tempo di lettura stimato\" \/>\n\t<meta name=\"twitter:data1\" content=\"2 minuti\" \/>\n<script type=\"application\/ld+json\" class=\"yoast-schema-graph\">{\"@context\":\"https:\/\/schema.org\",\"@graph\":[{\"@type\":\"WebPage\",\"@id\":\"https:\/\/www.nature-house.it\/it\/mangiare-bere-godere\/\",\"url\":\"https:\/\/www.nature-house.it\/it\/mangiare-bere-godere\/\",\"name\":\"Mangiare \u2013 Bere \u2013 Godere\",\"isPartOf\":{\"@id\":\"https:\/\/www.nature-house.it\/it\/#website\"},\"primaryImageOfPage\":{\"@id\":\"https:\/\/www.nature-house.it\/it\/mangiare-bere-godere\/#primaryimage\"},\"image\":{\"@id\":\"https:\/\/www.nature-house.it\/it\/mangiare-bere-godere\/#primaryimage\"},\"thumbnailUrl\":\"https:\/\/www.nature-house.it\/wp-content\/uploads\/2024\/11\/mgm00915dape-1024x709.jpg\",\"datePublished\":\"2024-10-07T14:37:40+00:00\",\"dateModified\":\"2024-11-13T14:50:04+00:00\",\"description\":\"Non avete bisogno di portare con voi prodotti confezionati o bevande in bottiglia per la vostra vacanza. Da noi trovate tutto locale, il pi\u00f9 possibile senza imballaggi, spesso gi\u00e0 pronto e soprattutto a prezzi equi. Vi ringraziamo per la vostra fiducia nel nostro servizio.\",\"breadcrumb\":{\"@id\":\"https:\/\/www.nature-house.it\/it\/mangiare-bere-godere\/#breadcrumb\"},\"inLanguage\":\"it-IT\",\"potentialAction\":[{\"@type\":\"ReadAction\",\"target\":[\"https:\/\/www.nature-house.it\/it\/mangiare-bere-godere\/\"]}]},{\"@type\":\"ImageObject\",\"inLanguage\":\"it-IT\",\"@id\":\"https:\/\/www.nature-house.it\/it\/mangiare-bere-godere\/#primaryimage\",\"url\":\"https:\/\/www.nature-house.it\/wp-content\/uploads\/2024\/11\/mgm00915dape-1024x709.jpg\",\"contentUrl\":\"https:\/\/www.nature-house.it\/wp-content\/uploads\/2024\/11\/mgm00915dape-1024x709.jpg\"},{\"@type\":\"BreadcrumbList\",\"@id\":\"https:\/\/www.nature-house.it\/it\/mangiare-bere-godere\/#breadcrumb\",\"itemListElement\":[{\"@type\":\"ListItem\",\"position\":1,\"name\":\"Startseite\",\"item\":\"https:\/\/www.nature-house.it\/it\/\"},{\"@type\":\"ListItem\",\"position\":2,\"name\":\"COLAZIONE, ORDINARE PIATTI &amp; CUCINARE INSIEME\"}]},{\"@type\":\"WebSite\",\"@id\":\"https:\/\/www.nature-house.it\/it\/#website\",\"url\":\"https:\/\/www.nature-house.it\/it\/\",\"name\":\"Nature House\",\"description\":\"\",\"publisher\":{\"@id\":\"https:\/\/www.nature-house.it\/it\/#organization\"},\"potentialAction\":[{\"@type\":\"SearchAction\",\"target\":{\"@type\":\"EntryPoint\",\"urlTemplate\":\"https:\/\/www.nature-house.it\/it\/?s={search_term_string}\"},\"query-input\":\"required name=search_term_string\"}],\"inLanguage\":\"it-IT\"},{\"@type\":\"Organization\",\"@id\":\"https:\/\/www.nature-house.it\/it\/#organization\",\"name\":\"Nature House\",\"url\":\"https:\/\/www.nature-house.it\/it\/\",\"logo\":{\"@type\":\"ImageObject\",\"inLanguage\":\"it-IT\",\"@id\":\"https:\/\/www.nature-house.it\/it\/#\/schema\/logo\/image\/\",\"url\":\"https:\/\/www.nature-house.it\/wp-content\/uploads\/2024\/09\/Gruppe-11-1.svg\",\"contentUrl\":\"https:\/\/www.nature-house.it\/wp-content\/uploads\/2024\/09\/Gruppe-11-1.svg\",\"width\":310,\"height\":194,\"caption\":\"Nature House\"},\"image\":{\"@id\":\"https:\/\/www.nature-house.it\/it\/#\/schema\/logo\/image\/\"}}]}<\/script>\n<!-- \/ Yoast SEO plugin. -->","yoast_head_json":{"title":"Mangiare \u2013 Bere \u2013 Godere","description":"Non avete bisogno di portare con voi prodotti confezionati o bevande in bottiglia per la vostra vacanza. Da noi trovate tutto locale, il pi\u00f9 possibile senza imballaggi, spesso gi\u00e0 pronto e soprattutto a prezzi equi. Vi ringraziamo per la vostra fiducia nel nostro servizio.","robots":{"index":"index","follow":"follow","max-snippet":"max-snippet:-1","max-image-preview":"max-image-preview:large","max-video-preview":"max-video-preview:-1"},"canonical":"https:\/\/www.nature-house.it\/it\/mangiare-bere-godere\/","og_locale":"it_IT","og_type":"article","og_title":"Mangiare \u2013 Bere \u2013 Godere","og_description":"Non avete bisogno di portare con voi prodotti confezionati o bevande in bottiglia per la vostra vacanza. Da noi trovate tutto locale, il pi\u00f9 possibile senza imballaggi, spesso gi\u00e0 pronto e soprattutto a prezzi equi. Vi ringraziamo per la vostra fiducia nel nostro servizio.","og_url":"https:\/\/www.nature-house.it\/it\/mangiare-bere-godere\/","og_site_name":"Nature House","article_modified_time":"2024-11-13T14:50:04+00:00","og_image":[{"url":"https:\/\/www.nature-house.it\/wp-content\/uploads\/2024\/11\/mgm00915dape-1024x709.jpg"}],"twitter_card":"summary_large_image","twitter_misc":{"Tempo di lettura stimato":"2 minuti"},"schema":{"@context":"https:\/\/schema.org","@graph":[{"@type":"WebPage","@id":"https:\/\/www.nature-house.it\/it\/mangiare-bere-godere\/","url":"https:\/\/www.nature-house.it\/it\/mangiare-bere-godere\/","name":"Mangiare \u2013 Bere \u2013 Godere","isPartOf":{"@id":"https:\/\/www.nature-house.it\/it\/#website"},"primaryImageOfPage":{"@id":"https:\/\/www.nature-house.it\/it\/mangiare-bere-godere\/#primaryimage"},"image":{"@id":"https:\/\/www.nature-house.it\/it\/mangiare-bere-godere\/#primaryimage"},"thumbnailUrl":"https:\/\/www.nature-house.it\/wp-content\/uploads\/2024\/11\/mgm00915dape-1024x709.jpg","datePublished":"2024-10-07T14:37:40+00:00","dateModified":"2024-11-13T14:50:04+00:00","description":"Non avete bisogno di portare con voi prodotti confezionati o bevande in bottiglia per la vostra vacanza. Da noi trovate tutto locale, il pi\u00f9 possibile senza imballaggi, spesso gi\u00e0 pronto e soprattutto a prezzi equi. Vi ringraziamo per la vostra fiducia nel nostro servizio.","breadcrumb":{"@id":"https:\/\/www.nature-house.it\/it\/mangiare-bere-godere\/#breadcrumb"},"inLanguage":"it-IT","potentialAction":[{"@type":"ReadAction","target":["https:\/\/www.nature-house.it\/it\/mangiare-bere-godere\/"]}]},{"@type":"ImageObject","inLanguage":"it-IT","@id":"https:\/\/www.nature-house.it\/it\/mangiare-bere-godere\/#primaryimage","url":"https:\/\/www.nature-house.it\/wp-content\/uploads\/2024\/11\/mgm00915dape-1024x709.jpg","contentUrl":"https:\/\/www.nature-house.it\/wp-content\/uploads\/2024\/11\/mgm00915dape-1024x709.jpg"},{"@type":"BreadcrumbList","@id":"https:\/\/www.nature-house.it\/it\/mangiare-bere-godere\/#breadcrumb","itemListElement":[{"@type":"ListItem","position":1,"name":"Startseite","item":"https:\/\/www.nature-house.it\/it\/"},{"@type":"ListItem","position":2,"name":"COLAZIONE, ORDINARE PIATTI &amp; CUCINARE INSIEME"}]},{"@type":"WebSite","@id":"https:\/\/www.nature-house.it\/it\/#website","url":"https:\/\/www.nature-house.it\/it\/","name":"Nature House","description":"","publisher":{"@id":"https:\/\/www.nature-house.it\/it\/#organization"},"potentialAction":[{"@type":"SearchAction","target":{"@type":"EntryPoint","urlTemplate":"https:\/\/www.nature-house.it\/it\/?s={search_term_string}"},"query-input":"required name=search_term_string"}],"inLanguage":"it-IT"},{"@type":"Organization","@id":"https:\/\/www.nature-house.it\/it\/#organization","name":"Nature House","url":"https:\/\/www.nature-house.it\/it\/","logo":{"@type":"ImageObject","inLanguage":"it-IT","@id":"https:\/\/www.nature-house.it\/it\/#\/schema\/logo\/image\/","url":"https:\/\/www.nature-house.it\/wp-content\/uploads\/2024\/09\/Gruppe-11-1.svg","contentUrl":"https:\/\/www.nature-house.it\/wp-content\/uploads\/2024\/09\/Gruppe-11-1.svg","width":310,"height":194,"caption":"Nature House"},"image":{"@id":"https:\/\/www.nature-house.it\/it\/#\/schema\/logo\/image\/"}}]}},"_links":{"self":[{"href":"https:\/\/www.nature-house.it\/it\/wp-json\/wp\/v2\/pages\/1126","targetHints":{"allow":["GET"]}}],"collection":[{"href":"https:\/\/www.nature-house.it\/it\/wp-json\/wp\/v2\/pages"}],"about":[{"href":"https:\/\/www.nature-house.it\/it\/wp-json\/wp\/v2\/types\/page"}],"author":[{"embeddable":true,"href":"https:\/\/www.nature-house.it\/it\/wp-json\/wp\/v2\/users\/1"}],"replies":[{"embeddable":true,"href":"https:\/\/www.nature-house.it\/it\/wp-json\/wp\/v2\/comments?post=1126"}],"version-history":[{"count":9,"href":"https:\/\/www.nature-house.it\/it\/wp-json\/wp\/v2\/pages\/1126\/revisions"}],"predecessor-version":[{"id":1408,"href":"https:\/\/www.nature-house.it\/it\/wp-json\/wp\/v2\/pages\/1126\/revisions\/1408"}],"wp:attachment":[{"href":"https:\/\/www.nature-house.it\/it\/wp-json\/wp\/v2\/media?parent=1126"}],"curies":[{"name":"wp","href":"https:\/\/api.w.org\/{rel}","templated":true}]}}